{"id":10,"date":"2024-02-27T17:21:23","date_gmt":"2024-02-27T17:21:23","guid":{"rendered":"https:\/\/torosyagaves.com\/?page_id=10"},"modified":"2024-02-28T18:56:39","modified_gmt":"2024-02-28T18:56:39","slug":"inicio","status":"publish","type":"page","link":"https:\/\/torosyagaves.com\/","title":{"rendered":"Inicio"},"content":{"rendered":"<p>[et_pb_section fb_built=&#8221;1&#8243; fullwidth=&#8221;on&#8221; _builder_version=&#8221;4.20.4&#8243; _module_preset=&#8221;default&#8221; background_enable_color=&#8221;off&#8221; background_video_mp4=&#8221;https:\/\/torosyagaves.com\/wp-content\/uploads\/2024\/02\/WebVideoTYA.mp4&#8243; custom_padding=&#8221;||||true|false&#8221; global_colors_info=&#8221;{}&#8221;][et_pb_fullwidth_header title=&#8221;GANADO Y PRODUCTOS AGR\u00cdCOLAS&#8221; _builder_version=&#8221;4.20.4&#8243; _module_preset=&#8221;default&#8221; title_font=&#8221;Playfair Display||||||||&#8221; title_text_align=&#8221;left&#8221; title_font_size=&#8221;70px&#8221; title_line_height=&#8221;1.2em&#8221; content_font_size=&#8221;15px&#8221; content_line_height=&#8221;1.6em&#8221; background_enable_color=&#8221;off&#8221; use_background_color_gradient=&#8221;on&#8221; background_color_gradient_stops=&#8221;rgba(0,0,0,0.49) 0%|rgba(172,103,0,0.71) 99%&#8221; background_enable_video_mp4=&#8221;off&#8221; custom_padding=&#8221;372px||372px||true|false&#8221; custom_padding_tablet=&#8221;372px||372px||true|false&#8221; custom_padding_phone=&#8221;250px||250px||true|false&#8221; custom_padding_last_edited=&#8221;on|phone&#8221; title_text_align_tablet=&#8221;left&#8221; title_text_align_phone=&#8221;center&#8221; title_text_align_last_edited=&#8221;on|desktop&#8221; title_font_size_tablet=&#8221;70px&#8221; title_font_size_phone=&#8221;30px&#8221; title_font_size_last_edited=&#8221;on|phone&#8221; title_line_height_tablet=&#8221;1.2em&#8221; title_line_height_phone=&#8221;1em&#8221; title_line_height_last_edited=&#8221;on|phone&#8221; content_text_align_tablet=&#8221;&#8221; content_text_align_phone=&#8221;center&#8221; content_text_align_last_edited=&#8221;on|phone&#8221; content_font_size_tablet=&#8221;15px&#8221; content_font_size_phone=&#8221;11px&#8221; content_font_size_last_edited=&#8221;on|phone&#8221; global_colors_info=&#8221;{}&#8221;]<\/p>\n<p><span>Comercializamos ganado bovino de alta calidad y productos agr\u00edcolas, contribuyendo al desarrollo agropecuario sustentable de M\u00e9xico.<\/span><\/p>\n<p>[\/et_pb_fullwidth_header][\/et_pb_section][et_pb_section fb_built=&#8221;1&#8243; admin_label=&#8221;Services&#8221; _builder_version=&#8221;4.21.0&#8243; _module_preset=&#8221;default&#8221; min_height=&#8221;723.6px&#8221; custom_margin=&#8221;-1px|||||&#8221; locked=&#8221;off&#8221; collapsed=&#8221;on&#8221; global_colors_info=&#8221;{}&#8221;][et_pb_row _builder_version=&#8221;4.21.0&#8243; _module_preset=&#8221;default&#8221; max_width=&#8221;700px&#8221; global_colors_info=&#8221;{}&#8221;][et_pb_column type=&#8221;4_4&#8243; _builder_version=&#8221;4.21.0&#8243; _module_preset=&#8221;default&#8221; global_colors_info=&#8221;{}&#8221;][et_pb_text _builder_version=&#8221;4.20.4&#8243; _module_preset=&#8221;360bc345-4180-45a0-bd3a-705b44ad7105&#8243; text_orientation=&#8221;center&#8221; locked=&#8221;off&#8221; global_colors_info=&#8221;{}&#8221;]<\/p>\n<h2>Nuestros Servicios<\/h2>\n<p>[\/et_pb_text][\/et_pb_column][\/et_pb_row][et_pb_row column_structure=&#8221;1_3,1_3,1_3&#8243; _builder_version=&#8221;4.21.0&#8243; _module_preset=&#8221;default&#8221; saved_tabs=&#8221;all&#8221; global_colors_info=&#8221;{}&#8221;][et_pb_column type=&#8221;1_3&#8243; _builder_version=&#8221;4.21.0&#8243; _module_preset=&#8221;default&#8221; global_colors_info=&#8221;{}&#8221;][et_pb_image src=&#8221;https:\/\/torosyagaves.com\/wp-content\/uploads\/2024\/02\/cow-2782461_1280.jpg&#8221; title_text=&#8221;Ganado de Calidad&#8221; _builder_version=&#8221;4.20.4&#8243; _module_preset=&#8221;default&#8221; global_colors_info=&#8221;{}&#8221;][\/et_pb_image][et_pb_text _builder_version=&#8221;4.20.4&#8243; _module_preset=&#8221;085c654e-6d16-47fb-b2f8-718eb2d91307&#8243; custom_margin=&#8221;||0px||false|false&#8221; global_colors_info=&#8221;{}&#8221;]<\/p>\n<h5><strong>Cr\u00eda y Comercializaci\u00f3n de Ganado Bovino de Alta Calidad<\/strong><\/h5>\n<p>[\/et_pb_text][et_pb_text _builder_version=&#8221;4.20.4&#8243; _module_preset=&#8221;dc86266e-fd8b-43fc-aaa6-a56605ec11db&#8221; text_font_size=&#8221;13px&#8221; text_font_size_tablet=&#8221;13px&#8221; text_font_size_phone=&#8221;12px&#8221; text_font_size_last_edited=&#8221;on|phone&#8221; global_colors_info=&#8221;{}&#8221;]<\/p>\n<p><span>Nuestro compromiso con la selecci\u00f3n cuidadosa de razas y el manejo adecuado del ganado garantiza la obtenci\u00f3n de ejemplares robustos, saludables y con caracter\u00edsticas deseables para la reproducci\u00f3n y la producci\u00f3n de carne.<\/span><\/p>\n<p>[\/et_pb_text][\/et_pb_column][et_pb_column type=&#8221;1_3&#8243; _builder_version=&#8221;4.21.0&#8243; _module_preset=&#8221;default&#8221; global_colors_info=&#8221;{}&#8221;][et_pb_image src=&#8221;https:\/\/torosyagaves.com\/wp-content\/uploads\/2024\/02\/field-2168030_1280.jpg&#8221; title_text=&#8221;Huertos Productivos&#8221; _builder_version=&#8221;4.20.4&#8243; _module_preset=&#8221;default&#8221; global_colors_info=&#8221;{}&#8221;][\/et_pb_image][et_pb_text _builder_version=&#8221;4.20.4&#8243; _module_preset=&#8221;085c654e-6d16-47fb-b2f8-718eb2d91307&#8243; custom_margin=&#8221;||0px||false|false&#8221; global_colors_info=&#8221;{}&#8221;]<\/p>\n<h5><strong>Producci\u00f3n y Comercializaci\u00f3n de Productos Agr\u00edcolas<\/strong><\/h5>\n<p>[\/et_pb_text][et_pb_text _builder_version=&#8221;4.20.4&#8243; _module_preset=&#8221;dc86266e-fd8b-43fc-aaa6-a56605ec11db&#8221; text_font_size=&#8221;13px&#8221; text_font_size_tablet=&#8221;13px&#8221; text_font_size_phone=&#8221;12px&#8221; text_font_size_last_edited=&#8221;on|phone&#8221; global_colors_info=&#8221;{}&#8221;]<\/p>\n<p><span>Desde aguacates y limones hasta tomates, hortalizas y verduras en general, nuestros cultivos se cultivan utilizando pr\u00e1cticas agr\u00edcolas sustentables y t\u00e9cnicas de cultivo avanzadas.<\/span><\/p>\n<p>[\/et_pb_text][\/et_pb_column][et_pb_column type=&#8221;1_3&#8243; _builder_version=&#8221;4.21.0&#8243; _module_preset=&#8221;default&#8221; global_colors_info=&#8221;{}&#8221;][et_pb_image src=&#8221;https:\/\/torosyagaves.com\/wp-content\/uploads\/2024\/02\/tractor-3571452_1280.jpg&#8221; title_text=&#8221;Asesor\u00eda Agropecuaria&#8221; _builder_version=&#8221;4.20.4&#8243; _module_preset=&#8221;default&#8221; global_colors_info=&#8221;{}&#8221;][\/et_pb_image][et_pb_text _builder_version=&#8221;4.20.4&#8243; _module_preset=&#8221;085c654e-6d16-47fb-b2f8-718eb2d91307&#8243; custom_margin=&#8221;||0px||false|false&#8221; global_colors_info=&#8221;{}&#8221;]<\/p>\n<h5><strong>Consultor\u00eda y Asesoramiento Agropecuario<\/strong><\/h5>\n<p>[\/et_pb_text][et_pb_text _builder_version=&#8221;4.20.4&#8243; _module_preset=&#8221;dc86266e-fd8b-43fc-aaa6-a56605ec11db&#8221; text_font_size=&#8221;13px&#8221; text_font_size_tablet=&#8221;13px&#8221; text_font_size_phone=&#8221;12px&#8221; text_font_size_last_edited=&#8221;on|phone&#8221; global_colors_info=&#8221;{}&#8221;]<\/p>\n<p><span>Nuestro equipo de expertos en agronom\u00eda y ganader\u00eda brinda asistencia t\u00e9cnica y recomendaciones personalizadas en \u00e1reas como manejo del suelo, nutrici\u00f3n animal, reproducci\u00f3n y salud del ganado.<\/span><\/p>\n<p>[\/et_pb_text][\/et_pb_column][\/et_pb_row][\/et_pb_section][et_pb_section fb_built=&#8221;1&#8243; admin_label=&#8221;Feature&#8221; _builder_version=&#8221;4.21.0&#8243; _module_preset=&#8221;default&#8221; background_color=&#8221;gcid-e787f6e4-87be-4325-83ae-4380ef468485&#8243; locked=&#8221;off&#8221; collapsed=&#8221;on&#8221; global_colors_info=&#8221;{%22gcid-e787f6e4-87be-4325-83ae-4380ef468485%22:%91%22background_color%22%93}&#8221;][et_pb_row column_structure=&#8221;1_2,1_2&#8243; _builder_version=&#8221;4.21.0&#8243; _module_preset=&#8221;default&#8221; global_colors_info=&#8221;{}&#8221;][et_pb_column type=&#8221;1_2&#8243; _builder_version=&#8221;4.21.0&#8243; _module_preset=&#8221;default&#8221; global_colors_info=&#8221;{}&#8221;][et_pb_text _builder_version=&#8221;4.20.4&#8243; _module_preset=&#8221;360bc345-4180-45a0-bd3a-705b44ad7105&#8243; locked=&#8221;off&#8221; global_colors_info=&#8221;{}&#8221;]<\/p>\n<h2>Algunas de nuestras estad\u00edsticas<\/h2>\n<p>[\/et_pb_text][et_pb_number_counter title=&#8221;Porcentaje de gen\u00e9tica mejorada, \u00faltimos 5 a\u00f1os&#8221; number=&#8221;30&#8243; _builder_version=&#8221;4.20.4&#8243; _module_preset=&#8221;default&#8221; title_font_size=&#8221;12px&#8221; number_text_color=&#8221;#12876F&#8221; number_font_size_tablet=&#8221;&#8221; number_font_size_phone=&#8221;50px&#8221; number_font_size_last_edited=&#8221;on|phone&#8221; global_colors_info=&#8221;{}&#8221;][\/et_pb_number_counter][et_pb_number_counter title=&#8221;Producci\u00f3n Anual de Aguacates (Toneladas)&#8221; number=&#8221;100&#8243; percent_sign=&#8221;off&#8221; _builder_version=&#8221;4.20.4&#8243; _module_preset=&#8221;default&#8221; title_font_size=&#8221;12px&#8221; number_text_color=&#8221;#12876F&#8221; number_font_size_tablet=&#8221;&#8221; number_font_size_phone=&#8221;50px&#8221; number_font_size_last_edited=&#8221;on|phone&#8221; global_colors_info=&#8221;{}&#8221;][\/et_pb_number_counter][et_pb_number_counter title=&#8221;Certificaciones de calidad y sustentabilidad obtenidas&#8221; number=&#8221;3&#8243; percent_sign=&#8221;off&#8221; _builder_version=&#8221;4.20.4&#8243; _module_preset=&#8221;default&#8221; title_font_size=&#8221;13px&#8221; number_text_color=&#8221;#12876F&#8221; title_font_size_tablet=&#8221;13px&#8221; title_font_size_phone=&#8221;12px&#8221; title_font_size_last_edited=&#8221;on|phone&#8221; number_font_size_tablet=&#8221;&#8221; number_font_size_phone=&#8221;50px&#8221; number_font_size_last_edited=&#8221;on|phone&#8221; global_colors_info=&#8221;{}&#8221;][\/et_pb_number_counter][et_pb_image src=&#8221;https:\/\/torosyagaves.com\/wp-content\/uploads\/2024\/02\/cow-425164_1280.jpg&#8221; title_text=&#8221;Ganado T&#038;A&#8221; _builder_version=&#8221;4.20.4&#8243; _module_preset=&#8221;default&#8221; background_enable_image=&#8221;off&#8221; animation_style=&#8221;zoom&#8221; box_shadow_style=&#8221;preset1&#8243; global_colors_info=&#8221;{}&#8221;][\/et_pb_image][\/et_pb_column][et_pb_column type=&#8221;1_2&#8243; _builder_version=&#8221;4.21.0&#8243; _module_preset=&#8221;default&#8221; global_colors_info=&#8221;{}&#8221;][et_pb_image src=&#8221;https:\/\/torosyagaves.com\/wp-content\/uploads\/2024\/02\/crop-5582141_1280.jpg&#8221; title_text=&#8221;Cosecha T&#038;A&#8221; align=&#8221;center&#8221; force_fullwidth=&#8221;on&#8221; _builder_version=&#8221;4.20.4&#8243; _module_preset=&#8221;default&#8221; background_enable_image=&#8221;off&#8221; min_height=&#8221;752px&#8221; height=&#8221;502px&#8221; animation_style=&#8221;zoom&#8221; box_shadow_style=&#8221;preset1&#8243; locked=&#8221;off&#8221; global_colors_info=&#8221;{}&#8221;][\/et_pb_image][et_pb_accordion _builder_version=&#8221;4.20.4&#8243; _module_preset=&#8221;default&#8221; toggle_font=&#8221;|800|||||||&#8221; body_font_size=&#8221;13px&#8221; global_colors_info=&#8221;{}&#8221;][et_pb_accordion_item title=&#8221;Misi\u00f3n&#8221; open=&#8221;on&#8221; _builder_version=&#8221;4.20.4&#8243; _module_preset=&#8221;default&#8221; global_colors_info=&#8221;{}&#8221;]<\/p>\n<p><span>Producir toros y vacas de excelente gen\u00e9tica, as\u00ed como cultivos agr\u00edcolas de primera calidad, mediante pr\u00e1cticas sustentables que respeten el medio ambiente y promuevan el bienestar animal.<\/span><\/p>\n<p>[\/et_pb_accordion_item][et_pb_accordion_item title=&#8221;Visi\u00f3n&#8221; _builder_version=&#8221;4.20.4&#8243; _module_preset=&#8221;default&#8221; global_colors_info=&#8221;{}&#8221; open=&#8221;off&#8221;]<\/p>\n<p><span>Consolidarnos como referentes en la industria agropecuaria, reconocidos por nuestra excelencia en gen\u00e9tica animal, agricultura y compromiso con la comunidad.<\/span><\/p>\n<p>[\/et_pb_accordion_item][et_pb_accordion_item title=&#8221;Valores&#8221; _builder_version=&#8221;4.20.4&#8243; _module_preset=&#8221;default&#8221; global_colors_info=&#8221;{}&#8221; open=&#8221;off&#8221;]<\/p>\n<p><span>Calidad, responsabilidad, respeto, sustentabilidad.<\/span><\/p>\n<p>[\/et_pb_accordion_item][\/et_pb_accordion][\/et_pb_column][\/et_pb_row][\/et_pb_section][et_pb_section fb_built=&#8221;1&#8243; admin_label=&#8221;Call to Action&#8221; _builder_version=&#8221;4.21.0&#8243; _module_preset=&#8221;default&#8221; background_color=&#8221;gcid-e787f6e4-87be-4325-83ae-4380ef468485&#8243; collapsed=&#8221;on&#8221; global_colors_info=&#8221;{%22gcid-e787f6e4-87be-4325-83ae-4380ef468485%22:%91%22background_color%22%93}&#8221;][et_pb_row column_structure=&#8221;1_3,1_3,1_3&#8243; make_equal=&#8221;on&#8221; _builder_version=&#8221;4.21.0&#8243; _module_preset=&#8221;default&#8221; global_colors_info=&#8221;{}&#8221;][et_pb_column type=&#8221;1_3&#8243; _builder_version=&#8221;4.21.0&#8243; _module_preset=&#8221;default&#8221; global_colors_info=&#8221;{}&#8221;][et_pb_image src=&#8221;https:\/\/torosyagaves.com\/wp-content\/uploads\/2024\/02\/T1-1.png&#8221; title_text=&#8221;T1&#8243; _builder_version=&#8221;4.20.4&#8243; _module_preset=&#8221;default&#8221; positioning=&#8221;absolute&#8221; position_origin_a=&#8221;center_left&#8221; width=&#8221;45%&#8221; animation_style=&#8221;zoom&#8221; box_shadow_style=&#8221;preset1&#8243; global_colors_info=&#8221;{}&#8221;][\/et_pb_image][et_pb_image src=&#8221;https:\/\/torosyagaves.com\/wp-content\/uploads\/2024\/02\/G1.png&#8221; title_text=&#8221;G1&#8243; align=&#8221;right&#8221; _builder_version=&#8221;4.20.4&#8243; _module_preset=&#8221;default&#8221; width=&#8221;45%&#8221; custom_margin=&#8221;||0px||false|false&#8221; animation_style=&#8221;zoom&#8221; box_shadow_style=&#8221;preset1&#8243; global_colors_info=&#8221;{}&#8221;][\/et_pb_image][\/et_pb_column][et_pb_column type=&#8221;1_3&#8243; _builder_version=&#8221;4.21.0&#8243; _module_preset=&#8221;default&#8221; custom_padding=&#8221;8vw||||false|false&#8221; custom_padding_tablet=&#8221;0vw||||false|false&#8221; custom_padding_phone=&#8221;0vw||||false|false&#8221; custom_padding_last_edited=&#8221;on|tablet&#8221; global_colors_info=&#8221;{}&#8221;][et_pb_text _builder_version=&#8221;4.20.4&#8243; _module_preset=&#8221;360bc345-4180-45a0-bd3a-705b44ad7105&#8243; background_image=&#8221;https:\/\/torosyagaves.com\/wp-content\/uploads\/2024\/02\/Toros-y-Agaves_logo_1.png&#8221; text_orientation=&#8221;center&#8221; width=&#8221;100%&#8221; max_width=&#8221;100%&#8221; max_width_tablet=&#8221;100%&#8221; max_width_phone=&#8221;60%&#8221; max_width_last_edited=&#8221;on|phone&#8221; module_alignment=&#8221;center&#8221; height=&#8221;88px&#8221; height_tablet=&#8221;88px&#8221; height_phone=&#8221;50px&#8221; height_last_edited=&#8221;on|phone&#8221; max_height=&#8221;100px&#8221; max_height_tablet=&#8221;100px&#8221; max_height_phone=&#8221;100px&#8221; max_height_last_edited=&#8221;on|phone&#8221; custom_margin=&#8221;||10px||false|false&#8221; animation_style=&#8221;fold&#8221; global_colors_info=&#8221;{}&#8221;][\/et_pb_text][\/et_pb_column][et_pb_column type=&#8221;1_3&#8243; _builder_version=&#8221;4.21.0&#8243; _module_preset=&#8221;default&#8221; global_colors_info=&#8221;{}&#8221;][et_pb_image src=&#8221;https:\/\/torosyagaves.com\/wp-content\/uploads\/2024\/02\/G2.png&#8221; title_text=&#8221;G2&#8243; _builder_version=&#8221;4.20.4&#8243; _module_preset=&#8221;default&#8221; width=&#8221;45%&#8221; custom_margin=&#8221;||0px||false|false&#8221; animation_style=&#8221;zoom&#8221; box_shadow_style=&#8221;preset1&#8243; locked=&#8221;off&#8221; global_colors_info=&#8221;{}&#8221;][\/et_pb_image][et_pb_image src=&#8221;https:\/\/torosyagaves.com\/wp-content\/uploads\/2024\/02\/T2-1.png&#8221; title_text=&#8221;T2&#8243; _builder_version=&#8221;4.20.4&#8243; _module_preset=&#8221;default&#8221; positioning=&#8221;absolute&#8221; position_origin_a=&#8221;center_right&#8221; width=&#8221;45%&#8221; animation_style=&#8221;zoom&#8221; box_shadow_style=&#8221;preset1&#8243; locked=&#8221;off&#8221; global_colors_info=&#8221;{}&#8221;][\/et_pb_image][\/et_pb_column][\/et_pb_row][\/et_pb_section][et_pb_section fb_built=&#8221;1&#8243; admin_label=&#8221;Footer&#8221; _builder_version=&#8221;4.21.0&#8243; _module_preset=&#8221;default&#8221; use_background_color_gradient=&#8221;on&#8221; background_color_gradient_stops=&#8221;gcid-9735c811-14cd-4d63-8358-8506147896d3 30%|rgba(52,33,7,0.85) 100%&#8221; background_color_gradient_overlays_image=&#8221;on&#8221; background_image=&#8221;https:\/\/torosyagaves.com\/wp-content\/uploads\/2024\/02\/horse-riding-8.jpg&#8221; custom_padding=&#8221;||0px||false|false&#8221; saved_tabs=&#8221;all&#8221; locked=&#8221;off&#8221; collapsed=&#8221;on&#8221; global_colors_info=&#8221;{%22gcid-9735c811-14cd-4d63-8358-8506147896d3%22:%91%22background_color_gradient_stops%22%93}&#8221;][et_pb_row column_structure=&#8221;2_5,3_5&#8243; _builder_version=&#8221;4.20.4&#8243; _module_preset=&#8221;default&#8221; global_colors_info=&#8221;{}&#8221;][et_pb_column type=&#8221;2_5&#8243; _builder_version=&#8221;4.20.4&#8243; _module_preset=&#8221;default&#8221; global_colors_info=&#8221;{}&#8221;][et_pb_text _builder_version=&#8221;4.20.4&#8243; _module_preset=&#8221;default&#8221; text_font=&#8221;Playfair Display||||||||&#8221; text_text_color=&#8221;#FFFFFF&#8221; text_font_size=&#8221;30px&#8221; text_font_size_tablet=&#8221;30px&#8221; text_font_size_phone=&#8221;20px&#8221; text_font_size_last_edited=&#8221;on|phone&#8221; global_colors_info=&#8221;{}&#8221;]<\/p>\n<p>D\u00e9janos un mensaje<\/p>\n<p>[\/et_pb_text][\/et_pb_column][et_pb_column type=&#8221;3_5&#8243; _builder_version=&#8221;4.20.4&#8243; _module_preset=&#8221;default&#8221; global_colors_info=&#8221;{}&#8221;][et_pb_contact_form submit_button_text=&#8221;Enviar Mensaje&#8221; _builder_version=&#8221;4.20.4&#8243; _module_preset=&#8221;default&#8221; _unique_id=&#8221;67a80b06-5b88-4299-8e8e-94c75d4bc573&#8243; captcha_text_color=&#8221;#FFFFFF&#8221; custom_button=&#8221;on&#8221; button_text_color=&#8221;#FFFFFF&#8221; hover_enabled=&#8221;0&#8243; global_colors_info=&#8221;{}&#8221; button_text_size=&#8221;20px&#8221; button_text_size_last_edited=&#8221;on|phone&#8221; sticky_enabled=&#8221;0&#8243; button_text_size_phone=&#8221;12px&#8221; button_text_size_tablet=&#8221;20px&#8221;][et_pb_contact_field field_id=&#8221;Name&#8221; field_title=&#8221;Nombre&#8221; _builder_version=&#8221;4.20.4&#8243; global_colors_info=&#8221;{}&#8221; button_text_size__hover_enabled=&#8221;off&#8221; button_one_text_size__hover_enabled=&#8221;off&#8221; button_two_text_size__hover_enabled=&#8221;off&#8221; button_text_color__hover_enabled=&#8221;off&#8221; button_one_text_color__hover_enabled=&#8221;off&#8221; button_two_text_color__hover_enabled=&#8221;off&#8221; button_border_width__hover_enabled=&#8221;off&#8221; button_one_border_width__hover_enabled=&#8221;off&#8221; button_two_border_width__hover_enabled=&#8221;off&#8221; button_border_color__hover_enabled=&#8221;off&#8221; button_one_border_color__hover_enabled=&#8221;off&#8221; button_two_border_color__hover_enabled=&#8221;off&#8221; button_border_radius__hover_enabled=&#8221;off&#8221; button_one_border_radius__hover_enabled=&#8221;off&#8221; button_two_border_radius__hover_enabled=&#8221;off&#8221; button_letter_spacing__hover_enabled=&#8221;off&#8221; button_one_letter_spacing__hover_enabled=&#8221;off&#8221; button_two_letter_spacing__hover_enabled=&#8221;off&#8221; button_bg_color__hover_enabled=&#8221;off&#8221; button_one_bg_color__hover_enabled=&#8221;off&#8221; button_two_bg_color__hover_enabled=&#8221;off&#8221;][\/et_pb_contact_field][et_pb_contact_field field_id=&#8221;Email&#8221; field_title=&#8221;Correo eletr\u00f3nico&#8221; field_type=&#8221;email&#8221; _builder_version=&#8221;4.20.4&#8243; global_colors_info=&#8221;{}&#8221; button_text_size__hover_enabled=&#8221;off&#8221; button_one_text_size__hover_enabled=&#8221;off&#8221; button_two_text_size__hover_enabled=&#8221;off&#8221; button_text_color__hover_enabled=&#8221;off&#8221; button_one_text_color__hover_enabled=&#8221;off&#8221; button_two_text_color__hover_enabled=&#8221;off&#8221; button_border_width__hover_enabled=&#8221;off&#8221; button_one_border_width__hover_enabled=&#8221;off&#8221; button_two_border_width__hover_enabled=&#8221;off&#8221; button_border_color__hover_enabled=&#8221;off&#8221; button_one_border_color__hover_enabled=&#8221;off&#8221; button_two_border_color__hover_enabled=&#8221;off&#8221; button_border_radius__hover_enabled=&#8221;off&#8221; button_one_border_radius__hover_enabled=&#8221;off&#8221; button_two_border_radius__hover_enabled=&#8221;off&#8221; button_letter_spacing__hover_enabled=&#8221;off&#8221; button_one_letter_spacing__hover_enabled=&#8221;off&#8221; button_two_letter_spacing__hover_enabled=&#8221;off&#8221; button_bg_color__hover_enabled=&#8221;off&#8221; button_one_bg_color__hover_enabled=&#8221;off&#8221; button_two_bg_color__hover_enabled=&#8221;off&#8221;][\/et_pb_contact_field][et_pb_contact_field field_id=&#8221;Message&#8221; field_title=&#8221;Escribe tu mensaje&#8221; field_type=&#8221;text&#8221; fullwidth_field=&#8221;on&#8221; _builder_version=&#8221;4.20.4&#8243; global_colors_info=&#8221;{}&#8221; button_text_size__hover_enabled=&#8221;off&#8221; button_one_text_size__hover_enabled=&#8221;off&#8221; button_two_text_size__hover_enabled=&#8221;off&#8221; button_text_color__hover_enabled=&#8221;off&#8221; button_one_text_color__hover_enabled=&#8221;off&#8221; button_two_text_color__hover_enabled=&#8221;off&#8221; button_border_width__hover_enabled=&#8221;off&#8221; button_one_border_width__hover_enabled=&#8221;off&#8221; button_two_border_width__hover_enabled=&#8221;off&#8221; button_border_color__hover_enabled=&#8221;off&#8221; button_one_border_color__hover_enabled=&#8221;off&#8221; button_two_border_color__hover_enabled=&#8221;off&#8221; button_border_radius__hover_enabled=&#8221;off&#8221; button_one_border_radius__hover_enabled=&#8221;off&#8221; button_two_border_radius__hover_enabled=&#8221;off&#8221; button_letter_spacing__hover_enabled=&#8221;off&#8221; button_one_letter_spacing__hover_enabled=&#8221;off&#8221; button_two_letter_spacing__hover_enabled=&#8221;off&#8221; button_bg_color__hover_enabled=&#8221;off&#8221; button_one_bg_color__hover_enabled=&#8221;off&#8221; button_two_bg_color__hover_enabled=&#8221;off&#8221;][\/et_pb_contact_field][\/et_pb_contact_form][\/et_pb_column][\/et_pb_row][\/et_pb_section]<\/p>\n","protected":false},"excerpt":{"rendered":"<p>Comercializamos ganado bovino de alta calidad y productos agr\u00edcolas, contribuyendo al desarrollo agropecuario sustentable de M\u00e9xico.Nuestros ServiciosCr\u00eda y Comercializaci\u00f3n de Ganado Bovino de Alta CalidadNuestro compromiso con la selecci\u00f3n cuidadosa de razas y el manejo adecuado del ganado garantiza la obtenci\u00f3n de ejemplares robustos, saludables y con caracter\u00edsticas deseables para la reproducci\u00f3n y la producci\u00f3n [&hellip;]<\/p>\n","protected":false},"author":1,"featured_media":0,"parent":0,"menu_order":0,"comment_status":"closed","ping_status":"closed","template":"","meta":{"_et_pb_use_builder":"on","_et_pb_old_content":"","_et_gb_content_width":"","footnotes":""},"_links":{"self":[{"href":"https:\/\/torosyagaves.com\/index.php\/wp-json\/wp\/v2\/pages\/10"}],"collection":[{"href":"https:\/\/torosyagaves.com\/index.php\/wp-json\/wp\/v2\/pages"}],"about":[{"href":"https:\/\/torosyagaves.com\/index.php\/wp-json\/wp\/v2\/types\/page"}],"author":[{"embeddable":true,"href":"https:\/\/torosyagaves.com\/index.php\/wp-json\/wp\/v2\/users\/1"}],"replies":[{"embeddable":true,"href":"https:\/\/torosyagaves.com\/index.php\/wp-json\/wp\/v2\/comments?post=10"}],"version-history":[{"count":16,"href":"https:\/\/torosyagaves.com\/index.php\/wp-json\/wp\/v2\/pages\/10\/revisions"}],"predecessor-version":[{"id":66,"href":"https:\/\/torosyagaves.com\/index.php\/wp-json\/wp\/v2\/pages\/10\/revisions\/66"}],"wp:attachment":[{"href":"https:\/\/torosyagaves.com\/index.php\/wp-json\/wp\/v2\/media?parent=10"}],"curies":[{"name":"wp","href":"https:\/\/api.w.org\/{rel}","templated":true}]}}